{"id":37,"date":"2023-10-06T19:05:49","date_gmt":"2023-10-06T19:05:49","guid":{"rendered":"https:\/\/transitoatahualpa.gob.ec\/?page_id=37"},"modified":"2023-10-25T02:30:49","modified_gmt":"2023-10-25T02:30:49","slug":"quienes-somos","status":"publish","type":"page","link":"https:\/\/transitoatahualpa.gob.ec\/index.php\/quienes-somos\/","title":{"rendered":"Quienes Somos"},"content":{"rendered":"<div class=\"wpb-content-wrapper\"><p>[vc_row][vc_column][vc_column_text]<\/p>\n<h3 style=\"text-align: center;\"><strong>Quienes Somos<\/strong><\/h3>\n<p>[\/vc_column_text][\/vc_column][\/vc_row][vc_row][vc_column][vc_column_text]<\/p>\n<figure><span data-contrast=\"none\">Mediante Registro Oficial N. 1020 de fecha 07 de septiembre del a\u00f1o 2023 se constituye la Empresa P\u00fablica de Tr\u00e1nsito del Gobierno Aut\u00f3nomo Descentralizado del cant\u00f3n Atahualpa EPMTA-EP.<\/span><\/figure>\n<p>[\/vc_column_text][\/vc_column][\/vc_row][vc_row][vc_column width=\u00bb2\/3&#8243;][vc_column_text]<\/p>\n<h3><strong>MISI\u00d3N<br \/>\n<\/strong><\/h3>\n<p>Somos una empresa p\u00fablica responsable, eficiente y comprometida por la seguridad y bienestar de la comunidad a trav\u00e9s de una gesti\u00f3n t\u00e9cnica, integral y especializada en transporte terrestre, tr\u00e1nsito y movilidad, mediante la implementaci\u00f3n de una gesti\u00f3n t\u00e9cnica general del Transporte Terrestre, Tr\u00e1nsito y Seguridad Vial.<\/p>\n<p><strong>\u00a0<\/strong>[\/vc_column_text][\/vc_column][vc_column width=\u00bb1\/3&#8243;][vc_single_image image=\u00bb22&#8243;][\/vc_column][\/vc_row][vc_row][vc_column width=\u00bb1\/4&#8243;][vc_single_image image=\u00bb23&#8243;][\/vc_column][vc_column width=\u00bb3\/4&#8243;][vc_column_text]<\/p>\n<h3><strong>VISI\u00d3N<\/strong><\/h3>\n<p>Consolidar la empresa p\u00fablica de tr\u00e1nsito del GAD del cant\u00f3n Atahualpa EPMTA-EP para que en el 2025 sea reconocido su prestigio a nivel nacional, como l\u00edder en la prestaci\u00f3n de servicios de Transporte, Tr\u00e1nsito y Seguridad Vial, por su calidad, cobertura y eficiencia.[\/vc_column_text][\/vc_column][\/vc_row][vc_row][vc_column width=\u00bb2\/3&#8243;][vc_column_text]<\/p>\n<h3>TRANSPARENCIA<\/h3>\n<p>Actuamos con claridad y rectitud en la gesti\u00f3n empresarial y ante las partes interesadas.[\/vc_column_text][\/vc_column][vc_column width=\u00bb1\/3&#8243;][vc_single_image image=\u00bb210&#8243;][\/vc_column][\/vc_row][vc_row][vc_column][vc_column_text]<\/p>\n<h3>POL\u00cdTICAS<\/h3>\n<ul data-sourcepos=\"5:1-7:0\">\n<li data-sourcepos=\"5:1-5:176\">Garantizar que la infraestructura de tr\u00e1nsito, transporte y seguridad vial sea adecuada para las necesidades de la comunidad, de la manera m\u00e1s eficiente y eficaz posible.<\/li>\n<li data-sourcepos=\"13:1-14:0\">Crear una cultura de aprendizaje y mejora continua.<\/li>\n<li data-sourcepos=\"19:1-19:83\">Promover el trabajo en equipo y el liderazgo para lograr un desempe\u00f1o \u00f3ptimo.<\/li>\n<li data-sourcepos=\"26:1-26:94\">Comunicar de manera efectiva con la comunidad sobre temas de movilidad y seguridad vial.<\/li>\n<li data-sourcepos=\"33:1-33:104\">Cooperar con los organismos de medio ambiente para promover un uso sostenible del espacio p\u00fablico.<\/li>\n<\/ul>\n<p>[\/vc_column_text][\/vc_column][\/vc_row]<\/p>\n<\/div>","protected":false},"excerpt":{"rendered":"<p>[vc_row][vc_column][vc_column_text] Quienes Somos [\/vc_column_text][\/vc_column][\/vc_row][vc_row][vc_column][vc_column_text] Mediante Registro Oficial N. 1020 de fecha 07 de septiembre del a\u00f1o 2023 se constituye la Empresa P\u00fablica de Tr\u00e1nsito del Gobierno Aut\u00f3nomo Descentralizado del cant\u00f3n Atahualpa EPMTA-EP. [\/vc_column_text][\/vc_column][\/vc_row][vc_row][vc_column width=\u00bb2\/3&#8243;][vc_column_text] MISI\u00d3N Somos una empresa p\u00fablica responsable, eficiente y comprometida por la seguridad y bienestar de la comunidad a trav\u00e9s de una &hellip;<\/p>\n","protected":false},"author":1,"featured_media":0,"parent":0,"menu_order":0,"comment_status":"closed","ping_status":"closed","template":"","meta":{"footnotes":""},"class_list":["post-37","page","type-page","status-publish","hentry"],"_links":{"self":[{"href":"https:\/\/transitoatahualpa.gob.ec\/index.php\/wp-json\/wp\/v2\/pages\/37","targetHints":{"allow":["GET"]}}],"collection":[{"href":"https:\/\/transitoatahualpa.gob.ec\/index.php\/wp-json\/wp\/v2\/pages"}],"about":[{"href":"https:\/\/transitoatahualpa.gob.ec\/index.php\/wp-json\/wp\/v2\/types\/page"}],"author":[{"embeddable":true,"href":"https:\/\/transitoatahualpa.gob.ec\/index.php\/wp-json\/wp\/v2\/users\/1"}],"replies":[{"embeddable":true,"href":"https:\/\/transitoatahualpa.gob.ec\/index.php\/wp-json\/wp\/v2\/comments?post=37"}],"version-history":[{"count":8,"href":"https:\/\/transitoatahualpa.gob.ec\/index.php\/wp-json\/wp\/v2\/pages\/37\/revisions"}],"predecessor-version":[{"id":213,"href":"https:\/\/transitoatahualpa.gob.ec\/index.php\/wp-json\/wp\/v2\/pages\/37\/revisions\/213"}],"wp:attachment":[{"href":"https:\/\/transitoatahualpa.gob.ec\/index.php\/wp-json\/wp\/v2\/media?parent=37"}],"curies":[{"name":"wp","href":"https:\/\/api.w.org\/{rel}","templated":true}]}}