{"id":235,"date":"2023-11-23T14:54:32","date_gmt":"2023-11-23T14:54:32","guid":{"rendered":"https:\/\/transitoatahualpa.gob.ec\/?page_id=235"},"modified":"2024-01-24T14:06:36","modified_gmt":"2024-01-24T14:06:36","slug":"lotaip-2023","status":"publish","type":"page","link":"https:\/\/transitoatahualpa.gob.ec\/index.php\/lotaip-2023\/","title":{"rendered":"LOTAIP 2023"},"content":{"rendered":"<div class=\"wpb-content-wrapper\"><p>[vc_row][vc_column][vc_tta_accordion active_section=\u00bb1&#8243; title=\u00bbNOVIEMBRE 2023&#8243;][vc_tta_section title=\u00bb1.1 Estructura org\u00e1nica\u00bb tab_id=\u00bb1705947084959-724397c9-a342&#8243;][vc_column_text]<a href=\"https:\/\/transitoatahualpa.gob.ec\/lotaip-2023\/noviembre-2023\/1.1.Estructura_organica\/1.Conjunto%20de%20datos.pdf\"><img loading=\"lazy\" decoding=\"async\" class=\"alignnone wp-image-271\" src=\"https:\/\/transitoatahualpa.gob.ec\/wp-content\/uploads\/2024\/01\/descargar-300x300.png\" alt=\"\" width=\"30\" height=\"30\" srcset=\"https:\/\/transitoatahualpa.gob.ec\/wp-content\/uploads\/2024\/01\/descargar-300x300.png 300w, https:\/\/transitoatahualpa.gob.ec\/wp-content\/uploads\/2024\/01\/descargar-150x150.png 150w, https:\/\/transitoatahualpa.gob.ec\/wp-content\/uploads\/2024\/01\/descargar.png 512w\" sizes=\"auto, (max-width: 30px) 100vw, 30px\" \/><\/a> Conjunto de Datos<\/p>\n<p><a href=\"https:\/\/transitoatahualpa.gob.ec\/lotaip-2023\/noviembre-2023\/1.1.Estructura_organica\/Metadatos.pdf\"><img loading=\"lazy\" decoding=\"async\" class=\"alignnone wp-image-271\" src=\"https:\/\/transitoatahualpa.gob.ec\/wp-content\/uploads\/2024\/01\/descargar-300x300.png\" alt=\"\" width=\"30\" height=\"30\" srcset=\"https:\/\/transitoatahualpa.gob.ec\/wp-content\/uploads\/2024\/01\/descargar-300x300.png 300w, https:\/\/transitoatahualpa.gob.ec\/wp-content\/uploads\/2024\/01\/descargar-150x150.png 150w, https:\/\/transitoatahualpa.gob.ec\/wp-content\/uploads\/2024\/01\/descargar.png 512w\" sizes=\"auto, (max-width: 30px) 100vw, 30px\" \/><\/a> Metadatos<\/p>\n<p><a href=\"https:\/\/transitoatahualpa.gob.ec\/lotaip-2023\/noviembre-2023\/1.1.Estructura_organica\/Diccionario.csv\"><img loading=\"lazy\" decoding=\"async\" class=\"alignnone wp-image-271\" src=\"https:\/\/transitoatahualpa.gob.ec\/wp-content\/uploads\/2024\/01\/descargar-300x300.png\" alt=\"\" width=\"30\" height=\"30\" srcset=\"https:\/\/transitoatahualpa.gob.ec\/wp-content\/uploads\/2024\/01\/descargar-300x300.png 300w, https:\/\/transitoatahualpa.gob.ec\/wp-content\/uploads\/2024\/01\/descargar-150x150.png 150w, https:\/\/transitoatahualpa.gob.ec\/wp-content\/uploads\/2024\/01\/descargar.png 512w\" sizes=\"auto, (max-width: 30px) 100vw, 30px\" \/><\/a> Diccionario[\/vc_column_text][\/vc_tta_section][vc_tta_section title=\u00bb1.2-1.3 Base Legal regulaciones procedimientos internos\u00bb tab_id=\u00bb1705947084965-305cd195-9a18&#8243;][vc_column_text]<a href=\"https:\/\/transitoatahualpa.gob.ec\/lotaip-2023\/noviembre-2023\/1.2-1.3.Base.Legal.regulaciones.procedimientos.internos\/Conjunto%20de%20datos.csv\"><img loading=\"lazy\" decoding=\"async\" class=\"alignnone wp-image-271\" src=\"https:\/\/transitoatahualpa.gob.ec\/wp-content\/uploads\/2024\/01\/descargar-300x300.png\" alt=\"\" width=\"30\" height=\"30\" srcset=\"https:\/\/transitoatahualpa.gob.ec\/wp-content\/uploads\/2024\/01\/descargar-300x300.png 300w, https:\/\/transitoatahualpa.gob.ec\/wp-content\/uploads\/2024\/01\/descargar-150x150.png 150w, https:\/\/transitoatahualpa.gob.ec\/wp-content\/uploads\/2024\/01\/descargar.png 512w\" sizes=\"auto, (max-width: 30px) 100vw, 30px\" \/><\/a>\u00a0Conjuntos de Datos<\/p>\n<p><a href=\"\/noviembre-2023\/1.2-1.3.Base.Legal.regulaciones.procedimientos.internos\/Metadatos.csv\"><img loading=\"lazy\" decoding=\"async\" class=\"alignnone wp-image-271\" src=\"https:\/\/transitoatahualpa.gob.ec\/wp-content\/uploads\/2024\/01\/descargar-300x300.png\" alt=\"\" width=\"30\" height=\"30\" srcset=\"https:\/\/transitoatahualpa.gob.ec\/wp-content\/uploads\/2024\/01\/descargar-300x300.png 300w, https:\/\/transitoatahualpa.gob.ec\/wp-content\/uploads\/2024\/01\/descargar-150x150.png 150w, https:\/\/transitoatahualpa.gob.ec\/wp-content\/uploads\/2024\/01\/descargar.png 512w\" sizes=\"auto, (max-width: 30px) 100vw, 30px\" \/><\/a>\u00a0Metadatos<\/p>\n<p><a href=\"https:\/\/transitoatahualpa.gob.ec\/lotaip-2023\/noviembre-2023\/1.2-1.3.Base.Legal.regulaciones.procedimientos.internos\/Diccionario.csv\"><img loading=\"lazy\" decoding=\"async\" class=\"alignnone wp-image-271\" src=\"https:\/\/transitoatahualpa.gob.ec\/wp-content\/uploads\/2024\/01\/descargar-300x300.png\" alt=\"\" width=\"30\" height=\"30\" srcset=\"https:\/\/transitoatahualpa.gob.ec\/wp-content\/uploads\/2024\/01\/descargar-300x300.png 300w, https:\/\/transitoatahualpa.gob.ec\/wp-content\/uploads\/2024\/01\/descargar-150x150.png 150w, https:\/\/transitoatahualpa.gob.ec\/wp-content\/uploads\/2024\/01\/descargar.png 512w\" sizes=\"auto, (max-width: 30px) 100vw, 30px\" \/><\/a>\u00a0Diccionario[\/vc_column_text][\/vc_tta_section][vc_tta_section title=\u00bb1.4 Metas y objetivos unidades\u00bb tab_id=\u00bb1706102323996-cdb6775e-0ca0&#8243;][vc_column_text]<a href=\"https:\/\/transitoatahualpa.gob.ec\/lotaip-2023\/noviembre-2023\/1.4.Metas.y.objetivos.unidades\/Conjunto%20de%20Datos.csv\"><img loading=\"lazy\" decoding=\"async\" class=\"alignnone wp-image-271\" src=\"https:\/\/transitoatahualpa.gob.ec\/wp-content\/uploads\/2024\/01\/descargar-300x300.png\" alt=\"\" width=\"30\" height=\"30\" srcset=\"https:\/\/transitoatahualpa.gob.ec\/wp-content\/uploads\/2024\/01\/descargar-300x300.png 300w, https:\/\/transitoatahualpa.gob.ec\/wp-content\/uploads\/2024\/01\/descargar-150x150.png 150w, https:\/\/transitoatahualpa.gob.ec\/wp-content\/uploads\/2024\/01\/descargar.png 512w\" sizes=\"auto, (max-width: 30px) 100vw, 30px\" \/><\/a> Conjunto de Datos<\/p>\n<p><a href=\"http:\/\/lotaip-2023\/noviembre-2023\/1.4.Metas.y.objetivos.unidades\/Metadatos.csv\"><img loading=\"lazy\" decoding=\"async\" class=\"alignnone wp-image-271\" src=\"https:\/\/transitoatahualpa.gob.ec\/wp-content\/uploads\/2024\/01\/descargar-300x300.png\" alt=\"\" width=\"30\" height=\"30\" srcset=\"https:\/\/transitoatahualpa.gob.ec\/wp-content\/uploads\/2024\/01\/descargar-300x300.png 300w, https:\/\/transitoatahualpa.gob.ec\/wp-content\/uploads\/2024\/01\/descargar-150x150.png 150w, https:\/\/transitoatahualpa.gob.ec\/wp-content\/uploads\/2024\/01\/descargar.png 512w\" sizes=\"auto, (max-width: 30px) 100vw, 30px\" \/><\/a>\u00a0Metadatos<\/p>\n<p><a href=\"http:\/\/lotaip-2023\/noviembre-2023\/1.4.Metas.y.objetivos.unidades\/Diccionario.csv\"><img loading=\"lazy\" decoding=\"async\" class=\"alignnone wp-image-271\" src=\"https:\/\/transitoatahualpa.gob.ec\/wp-content\/uploads\/2024\/01\/descargar-300x300.png\" alt=\"\" width=\"30\" height=\"30\" srcset=\"https:\/\/transitoatahualpa.gob.ec\/wp-content\/uploads\/2024\/01\/descargar-300x300.png 300w, https:\/\/transitoatahualpa.gob.ec\/wp-content\/uploads\/2024\/01\/descargar-150x150.png 150w, https:\/\/transitoatahualpa.gob.ec\/wp-content\/uploads\/2024\/01\/descargar.png 512w\" sizes=\"auto, (max-width: 30px) 100vw, 30px\" \/><\/a> Diccionario[\/vc_column_text][\/vc_tta_section][vc_tta_section title=\u00bb2.1-2.2 Directorio y distributivo personal de la entidad\u00bb tab_id=\u00bb1706104696405-47f592d7-ca9d\u00bb][\/vc_tta_section][vc_tta_section title=\u00bb3. Remuneraciones ingresos adicionales\u00bb tab_id=\u00bb1706104777194-400da7cd-79d5&#8243;][\/vc_tta_section][vc_tta_section title=\u00bb4. Detalle licencias comisiones\u00bb tab_id=\u00bb1706104788938-c7721090-3a5d\u00bb][\/vc_tta_section][vc_tta_section title=\u00bb5.-22. Servicios-formularios-formatos-tr\u00e1mites\u00bb tab_id=\u00bb1706104812811-89f23d26-f9d9&#8243;][\/vc_tta_section][vc_tta_section title=\u00bb6. Presupuesto de la instituci\u00f3n\u00bb tab_id=\u00bb1706104831216-3a6d7d61-91c0&#8243;][\/vc_tta_section][vc_tta_section title=\u00bb7. Resultados de las auditor\u00edas internas y gubernamentales\u00bb tab_id=\u00bb1706104843998-b65d76b0-3af1&#8243;][\/vc_tta_section][vc_tta_section title=\u00bb8. Procesos de contrataci\u00f3n p\u00fablica\u00bb tab_id=\u00bb1706104855846-6faaac61-efe7&#8243;][\/vc_tta_section][vc_tta_section title=\u00bb9. Empresas y personas que han incumplido contratos\u00bb tab_id=\u00bb1706104857000-73cf6a5c-2ea2&#8243;][\/vc_tta_section][vc_tta_section title=\u00bb10. Planes y programas en ejecuci\u00f3n\u00bb tab_id=\u00bb1706104878751-e1a79732-264a\u00bb][\/vc_tta_section][vc_tta_section title=\u00bb11. Contratos de cr\u00e9dito externos o internos\u00bb tab_id=\u00bb1706104879664-2e328f64-ec5a\u00bb][\/vc_tta_section][vc_tta_section title=\u00bb12. Mecanismos de rendici\u00f3n de cuentas\u00bb tab_id=\u00bb1706104905129-7a0e8ded-90e6&#8243;][\/vc_tta_section][vc_tta_section title=\u00bb13. Vi\u00e1ticos informes de trabajo y justificativos\u00bb tab_id=\u00bb1706104905970-b55a6b19-0313&#8243;][\/vc_tta_section][vc_tta_section title=\u00bb14. Responsables del acceso de informaci\u00f3n p\u00fablica\u00bb tab_id=\u00bb1706104931946-66d22779-cb7b\u00bb][\/vc_tta_section][vc_tta_section title=\u00bb15. Texto \u00edntegro de los contratos colectivos vigentes y reformas\u00bb tab_id=\u00bb1706104942587-1684088e-c2e9&#8243;][\/vc_tta_section][vc_tta_section title=\u00bb16. Listado \u00edndice informaci\u00f3n reservada\u00bb tab_id=\u00bb1706104943506-a29f38e3-1cd8&#8243;][\/vc_tta_section][vc_tta_section title=\u00bb17. Detalle de las audiencias y reuniones de autoridades\u00bb tab_id=\u00bb1706104969107-2f0bb281-4ae6&#8243;][\/vc_tta_section][vc_tta_section title=\u00bb18. Detalle de convenios nacionales e internacionales\u00bb tab_id=\u00bb1706104970041-3aa7b33b-bcf1&#8243;][\/vc_tta_section][vc_tta_section title=\u00bb19. Detalle donativos oficiales y protocolares\u00bb tab_id=\u00bb1706105002620-e0241094-ed32&#8243;][\/vc_tta_section][vc_tta_section title=\u00bb20. Registro de activos de informaci\u00f3n frecuente\u00bb tab_id=\u00bb1706105026451-c15dbff0-8191&#8243;][\/vc_tta_section][vc_tta_section title=\u00bb21. Pol\u00edticas p\u00fablicas o informaci\u00f3n grupo espec\u00edfico\u00bb tab_id=\u00bb1706105052130-37cdabf4-804d\u00bb][\/vc_tta_section][vc_tta_section title=\u00bb23. Detalle personas servidoras p\u00fablicas con acciones afirmativas\u00bb tab_id=\u00bb1706105053258-289fe8be-ad25&#8243;][\/vc_tta_section][vc_tta_section title=\u00bb24. Informaci\u00f3n relevante para el ejercicio de derechos ODS\u00bb tab_id=\u00bb1706105088737-35853d95-bc14&#8243;][\/vc_tta_section][\/vc_tta_accordion][\/vc_column][\/vc_row][vc_row][vc_column][vc_tta_accordion active_section=\u00bb1&#8243; title=\u00bbDiciembre 2023&#8243;]<\/p>\n<p>[vc_tta_section title=\u00bb1.1 Estructura org\u00e1nica\u00bb tab_id=\u00bb1705947084959-724397c9-a342&#8243;][vc_column_text]<a href=\"https:\/\/transitoatahualpa.gob.ec\/lotaip-2023\/noviembre-2023\/1.1.Estructura_organica\/1.Conjunto%20de%20datos.pdf\"><img loading=\"lazy\" decoding=\"async\" class=\"alignnone wp-image-271\" src=\"https:\/\/transitoatahualpa.gob.ec\/wp-content\/uploads\/2024\/01\/descargar-300x300.png\" alt=\"\" width=\"30\" height=\"30\" srcset=\"https:\/\/transitoatahualpa.gob.ec\/wp-content\/uploads\/2024\/01\/descargar-300x300.png 300w, https:\/\/transitoatahualpa.gob.ec\/wp-content\/uploads\/2024\/01\/descargar-150x150.png 150w, https:\/\/transitoatahualpa.gob.ec\/wp-content\/uploads\/2024\/01\/descargar.png 512w\" sizes=\"auto, (max-width: 30px) 100vw, 30px\" \/><\/a> Conjunto de Datos<\/p>\n<p><a href=\"https:\/\/transitoatahualpa.gob.ec\/lotaip-2023\/noviembre-2023\/1.1.Estructura_organica\/Metadatos.pdf\"><img loading=\"lazy\" decoding=\"async\" class=\"alignnone wp-image-271\" src=\"https:\/\/transitoatahualpa.gob.ec\/wp-content\/uploads\/2024\/01\/descargar-300x300.png\" alt=\"\" width=\"30\" height=\"30\" srcset=\"https:\/\/transitoatahualpa.gob.ec\/wp-content\/uploads\/2024\/01\/descargar-300x300.png 300w, https:\/\/transitoatahualpa.gob.ec\/wp-content\/uploads\/2024\/01\/descargar-150x150.png 150w, https:\/\/transitoatahualpa.gob.ec\/wp-content\/uploads\/2024\/01\/descargar.png 512w\" sizes=\"auto, (max-width: 30px) 100vw, 30px\" \/><\/a> Metadatos<\/p>\n<p><a href=\"https:\/\/transitoatahualpa.gob.ec\/lotaip-2023\/noviembre-2023\/1.1.Estructura_organica\/Diccionario.csv\"><img loading=\"lazy\" decoding=\"async\" class=\"alignnone wp-image-271\" src=\"https:\/\/transitoatahualpa.gob.ec\/wp-content\/uploads\/2024\/01\/descargar-300x300.png\" alt=\"\" width=\"30\" height=\"30\" srcset=\"https:\/\/transitoatahualpa.gob.ec\/wp-content\/uploads\/2024\/01\/descargar-300x300.png 300w, https:\/\/transitoatahualpa.gob.ec\/wp-content\/uploads\/2024\/01\/descargar-150x150.png 150w, https:\/\/transitoatahualpa.gob.ec\/wp-content\/uploads\/2024\/01\/descargar.png 512w\" sizes=\"auto, (max-width: 30px) 100vw, 30px\" \/><\/a> Diccionario[\/vc_column_text][\/vc_tta_section][vc_tta_section title=\u00bb1.2-1.3 Base Legal regulaciones procedimientos internos\u00bb tab_id=\u00bb1705947084965-305cd195-9a18&#8243;][vc_column_text]<a href=\"https:\/\/transitoatahualpa.gob.ec\/lotaip-2023\/noviembre-2023\/1.2-1.3.Base.Legal.regulaciones.procedimientos.internos\/Conjunto%20de%20datos.csv\"><img loading=\"lazy\" decoding=\"async\" class=\"alignnone wp-image-271\" src=\"https:\/\/transitoatahualpa.gob.ec\/wp-content\/uploads\/2024\/01\/descargar-300x300.png\" alt=\"\" width=\"30\" height=\"30\" srcset=\"https:\/\/transitoatahualpa.gob.ec\/wp-content\/uploads\/2024\/01\/descargar-300x300.png 300w, https:\/\/transitoatahualpa.gob.ec\/wp-content\/uploads\/2024\/01\/descargar-150x150.png 150w, https:\/\/transitoatahualpa.gob.ec\/wp-content\/uploads\/2024\/01\/descargar.png 512w\" sizes=\"auto, (max-width: 30px) 100vw, 30px\" \/><\/a>\u00a0Conjuntos de Datos<\/p>\n<p><a href=\"\/noviembre-2023\/1.2-1.3.Base.Legal.regulaciones.procedimientos.internos\/Metadatos.csv\"><img loading=\"lazy\" decoding=\"async\" class=\"alignnone wp-image-271\" src=\"https:\/\/transitoatahualpa.gob.ec\/wp-content\/uploads\/2024\/01\/descargar-300x300.png\" alt=\"\" width=\"30\" height=\"30\" srcset=\"https:\/\/transitoatahualpa.gob.ec\/wp-content\/uploads\/2024\/01\/descargar-300x300.png 300w, https:\/\/transitoatahualpa.gob.ec\/wp-content\/uploads\/2024\/01\/descargar-150x150.png 150w, https:\/\/transitoatahualpa.gob.ec\/wp-content\/uploads\/2024\/01\/descargar.png 512w\" sizes=\"auto, (max-width: 30px) 100vw, 30px\" \/><\/a>\u00a0Metadatos<\/p>\n<p><a href=\"https:\/\/transitoatahualpa.gob.ec\/lotaip-2023\/noviembre-2023\/1.2-1.3.Base.Legal.regulaciones.procedimientos.internos\/Diccionario.csv\"><img loading=\"lazy\" decoding=\"async\" class=\"alignnone wp-image-271\" src=\"https:\/\/transitoatahualpa.gob.ec\/wp-content\/uploads\/2024\/01\/descargar-300x300.png\" alt=\"\" width=\"30\" height=\"30\" srcset=\"https:\/\/transitoatahualpa.gob.ec\/wp-content\/uploads\/2024\/01\/descargar-300x300.png 300w, https:\/\/transitoatahualpa.gob.ec\/wp-content\/uploads\/2024\/01\/descargar-150x150.png 150w, https:\/\/transitoatahualpa.gob.ec\/wp-content\/uploads\/2024\/01\/descargar.png 512w\" sizes=\"auto, (max-width: 30px) 100vw, 30px\" \/><\/a>\u00a0Diccionario[\/vc_column_text][\/vc_tta_section][vc_tta_section title=\u00bb1.4 Metas y objetivos unidades\u00bb tab_id=\u00bb1706102323996-cdb6775e-0ca0&#8243;][vc_column_text]<a href=\"https:\/\/transitoatahualpa.gob.ec\/lotaip-2023\/noviembre-2023\/1.4.Metas.y.objetivos.unidades\/Conjunto%20de%20Datos.csv\"><img loading=\"lazy\" decoding=\"async\" class=\"alignnone wp-image-271\" src=\"https:\/\/transitoatahualpa.gob.ec\/wp-content\/uploads\/2024\/01\/descargar-300x300.png\" alt=\"\" width=\"30\" height=\"30\" srcset=\"https:\/\/transitoatahualpa.gob.ec\/wp-content\/uploads\/2024\/01\/descargar-300x300.png 300w, https:\/\/transitoatahualpa.gob.ec\/wp-content\/uploads\/2024\/01\/descargar-150x150.png 150w, https:\/\/transitoatahualpa.gob.ec\/wp-content\/uploads\/2024\/01\/descargar.png 512w\" sizes=\"auto, (max-width: 30px) 100vw, 30px\" \/><\/a> Conjunto de Datos<\/p>\n<p><a href=\"http:\/\/lotaip-2023\/noviembre-2023\/1.4.Metas.y.objetivos.unidades\/Metadatos.csv\"><img loading=\"lazy\" decoding=\"async\" class=\"alignnone wp-image-271\" src=\"https:\/\/transitoatahualpa.gob.ec\/wp-content\/uploads\/2024\/01\/descargar-300x300.png\" alt=\"\" width=\"30\" height=\"30\" srcset=\"https:\/\/transitoatahualpa.gob.ec\/wp-content\/uploads\/2024\/01\/descargar-300x300.png 300w, https:\/\/transitoatahualpa.gob.ec\/wp-content\/uploads\/2024\/01\/descargar-150x150.png 150w, https:\/\/transitoatahualpa.gob.ec\/wp-content\/uploads\/2024\/01\/descargar.png 512w\" sizes=\"auto, (max-width: 30px) 100vw, 30px\" \/><\/a>\u00a0Metadatos<\/p>\n<p><a href=\"http:\/\/lotaip-2023\/noviembre-2023\/1.4.Metas.y.objetivos.unidades\/Diccionario.csv\"><img loading=\"lazy\" decoding=\"async\" class=\"alignnone wp-image-271\" src=\"https:\/\/transitoatahualpa.gob.ec\/wp-content\/uploads\/2024\/01\/descargar-300x300.png\" alt=\"\" width=\"30\" height=\"30\" srcset=\"https:\/\/transitoatahualpa.gob.ec\/wp-content\/uploads\/2024\/01\/descargar-300x300.png 300w, https:\/\/transitoatahualpa.gob.ec\/wp-content\/uploads\/2024\/01\/descargar-150x150.png 150w, https:\/\/transitoatahualpa.gob.ec\/wp-content\/uploads\/2024\/01\/descargar.png 512w\" sizes=\"auto, (max-width: 30px) 100vw, 30px\" \/><\/a>\u00a0Diccionario[\/vc_column_text][\/vc_tta_section][vc_tta_section title=\u00bb2.1-2.2 Directorio y distributivo personal de la entidad\u00bb tab_id=\u00bb1706104696405-47f592d7-ca9d\u00bb][\/vc_tta_section][vc_tta_section title=\u00bb3. Remuneraciones ingresos adicionales\u00bb tab_id=\u00bb1706104777194-400da7cd-79d5&#8243;][\/vc_tta_section][vc_tta_section title=\u00bb4. Detalle licencias comisiones\u00bb tab_id=\u00bb1706104788938-c7721090-3a5d\u00bb][\/vc_tta_section][vc_tta_section title=\u00bb5.-22. Servicios-formularios-formatos-tr\u00e1mites\u00bb tab_id=\u00bb1706104812811-89f23d26-f9d9&#8243;][\/vc_tta_section][vc_tta_section title=\u00bb6. Presupuesto de la instituci\u00f3n\u00bb tab_id=\u00bb1706104831216-3a6d7d61-91c0&#8243;][\/vc_tta_section][vc_tta_section title=\u00bb7. Resultados de las auditor\u00edas internas y gubernamentales\u00bb tab_id=\u00bb1706104843998-b65d76b0-3af1&#8243;][\/vc_tta_section][vc_tta_section title=\u00bb8. Procesos de contrataci\u00f3n p\u00fablica\u00bb tab_id=\u00bb1706104855846-6faaac61-efe7&#8243;][\/vc_tta_section][vc_tta_section title=\u00bb9. Empresas y personas que han incumplido contratos\u00bb tab_id=\u00bb1706104857000-73cf6a5c-2ea2&#8243;][\/vc_tta_section][vc_tta_section title=\u00bb10. Planes y programas en ejecuci\u00f3n\u00bb tab_id=\u00bb1706104878751-e1a79732-264a\u00bb][\/vc_tta_section][vc_tta_section title=\u00bb11. Contratos de cr\u00e9dito externos o internos\u00bb tab_id=\u00bb1706104879664-2e328f64-ec5a\u00bb][\/vc_tta_section][vc_tta_section title=\u00bb12. Mecanismos de rendici\u00f3n de cuentas\u00bb tab_id=\u00bb1706104905129-7a0e8ded-90e6&#8243;][\/vc_tta_section][vc_tta_section title=\u00bb13. Vi\u00e1ticos informes de trabajo y justificativos\u00bb tab_id=\u00bb1706104905970-b55a6b19-0313&#8243;][\/vc_tta_section][vc_tta_section title=\u00bb14. Responsables del acceso de informaci\u00f3n p\u00fablica\u00bb tab_id=\u00bb1706104931946-66d22779-cb7b\u00bb][\/vc_tta_section][vc_tta_section title=\u00bb15. Texto \u00edntegro de los contratos colectivos vigentes y reformas\u00bb tab_id=\u00bb1706104942587-1684088e-c2e9&#8243;][\/vc_tta_section][vc_tta_section title=\u00bb16. Listado \u00edndice informaci\u00f3n reservada\u00bb tab_id=\u00bb1706104943506-a29f38e3-1cd8&#8243;][\/vc_tta_section][vc_tta_section title=\u00bb17. Detalle de las audiencias y reuniones de autoridades\u00bb tab_id=\u00bb1706104969107-2f0bb281-4ae6&#8243;][\/vc_tta_section][vc_tta_section title=\u00bb18. Detalle de convenios nacionales e internacionales\u00bb tab_id=\u00bb1706104970041-3aa7b33b-bcf1&#8243;][\/vc_tta_section][vc_tta_section title=\u00bb19. Detalle donativos oficiales y protocolares\u00bb tab_id=\u00bb1706105002620-e0241094-ed32&#8243;][\/vc_tta_section][vc_tta_section title=\u00bb20. Registro de activos de informaci\u00f3n frecuente\u00bb tab_id=\u00bb1706105026451-c15dbff0-8191&#8243;][\/vc_tta_section][vc_tta_section title=\u00bb21. Pol\u00edticas p\u00fablicas o informaci\u00f3n grupo espec\u00edfico\u00bb tab_id=\u00bb1706105052130-37cdabf4-804d\u00bb][\/vc_tta_section][vc_tta_section title=\u00bb23. Detalle personas servidoras p\u00fablicas con acciones afirmativas\u00bb tab_id=\u00bb1706105053258-289fe8be-ad25&#8243;][\/vc_tta_section][vc_tta_section title=\u00bb24. Informaci\u00f3n relevante para el ejercicio de derechos ODS\u00bb tab_id=\u00bb1706105088737-35853d95-bc14&#8243;][\/vc_tta_section][\/vc_tta_accordion][\/vc_column][\/vc_row]<\/p>\n<\/div>","protected":false},"excerpt":{"rendered":"<p>[vc_row][vc_column][vc_tta_accordion active_section=\u00bb1&#8243; title=\u00bbNOVIEMBRE 2023&#8243;][vc_tta_section title=\u00bb1.1 Estructura org\u00e1nica\u00bb tab_id=\u00bb1705947084959-724397c9-a342&#8243;][vc_column_text] Conjunto de Datos Metadatos Diccionario[\/vc_column_text][\/vc_tta_section][vc_tta_section title=\u00bb1.2-1.3 Base Legal regulaciones procedimientos internos\u00bb tab_id=\u00bb1705947084965-305cd195-9a18&#8243;][vc_column_text]\u00a0Conjuntos de Datos \u00a0Metadatos \u00a0Diccionario[\/vc_column_text][\/vc_tta_section][vc_tta_section title=\u00bb1.4 Metas y objetivos unidades\u00bb tab_id=\u00bb1706102323996-cdb6775e-0ca0&#8243;][vc_column_text] Conjunto de Datos \u00a0Metadatos Diccionario[\/vc_column_text][\/vc_tta_section][vc_tta_section title=\u00bb2.1-2.2 Directorio y distributivo personal de la entidad\u00bb tab_id=\u00bb1706104696405-47f592d7-ca9d\u00bb][\/vc_tta_section][vc_tta_section title=\u00bb3. Remuneraciones ingresos adicionales\u00bb tab_id=\u00bb1706104777194-400da7cd-79d5&#8243;][\/vc_tta_section][vc_tta_section title=\u00bb4. Detalle licencias comisiones\u00bb tab_id=\u00bb1706104788938-c7721090-3a5d\u00bb][\/vc_tta_section][vc_tta_section title=\u00bb5.-22. &hellip;<\/p>\n","protected":false},"author":1,"featured_media":0,"parent":0,"menu_order":0,"comment_status":"closed","ping_status":"closed","template":"","meta":{"footnotes":""},"class_list":["post-235","page","type-page","status-publish","hentry"],"_links":{"self":[{"href":"https:\/\/transitoatahualpa.gob.ec\/index.php\/wp-json\/wp\/v2\/pages\/235","targetHints":{"allow":["GET"]}}],"collection":[{"href":"https:\/\/transitoatahualpa.gob.ec\/index.php\/wp-json\/wp\/v2\/pages"}],"about":[{"href":"https:\/\/transitoatahualpa.gob.ec\/index.php\/wp-json\/wp\/v2\/types\/page"}],"author":[{"embeddable":true,"href":"https:\/\/transitoatahualpa.gob.ec\/index.php\/wp-json\/wp\/v2\/users\/1"}],"replies":[{"embeddable":true,"href":"https:\/\/transitoatahualpa.gob.ec\/index.php\/wp-json\/wp\/v2\/comments?post=235"}],"version-history":[{"count":29,"href":"https:\/\/transitoatahualpa.gob.ec\/index.php\/wp-json\/wp\/v2\/pages\/235\/revisions"}],"predecessor-version":[{"id":277,"href":"https:\/\/transitoatahualpa.gob.ec\/index.php\/wp-json\/wp\/v2\/pages\/235\/revisions\/277"}],"wp:attachment":[{"href":"https:\/\/transitoatahualpa.gob.ec\/index.php\/wp-json\/wp\/v2\/media?parent=235"}],"curies":[{"name":"wp","href":"https:\/\/api.w.org\/{rel}","templated":true}]}}