{"id":197,"date":"2023-10-23T14:43:34","date_gmt":"2023-10-23T14:43:34","guid":{"rendered":"https:\/\/transitoatahualpa.gob.ec\/?page_id=197"},"modified":"2023-10-23T16:08:28","modified_gmt":"2023-10-23T16:08:28","slug":"calendarizacion-de-revision-vehicular","status":"publish","type":"page","link":"https:\/\/transitoatahualpa.gob.ec\/index.php\/calendarizacion-de-revision-vehicular\/","title":{"rendered":"Calendarizaci\u00f3n de Revisi\u00f3n Vehicular"},"content":{"rendered":"<div class=\"wpb-content-wrapper\"><p>[vc_row][vc_column width=\u00bb1\/2&#8243;][vc_column_text][ninja_table_builder id=\u00bb204&#8243;][\/vc_column_text][\/vc_column][vc_column width=\u00bb1\/2&#8243;][vc_column_text]<strong>NOTAS ACLARATORIAS:<\/strong><\/p>\n<ol>\n<li>Considerar el \u00faltimo d\u00edgito de la placa para determinar el mes de revisi\u00f3n. (ABC-1234).<\/li>\n<li>Para motocicletas se debe considerar el \u00faltimo d\u00edgito num\u00e9rico. (XX-123V).<\/li>\n<li>Aplica para veh\u00edculos que presten servicios de:\n<ul>\n<li>Uso Particular<\/li>\n<li>Uso Estatal<\/li>\n<li>Diplom\u00e1ticos \/ Cuerpo Consular<\/li>\n<li>Internaci\u00f3n temporal<\/li>\n<\/ul>\n<\/li>\n<\/ol>\n<p>[\/vc_column_text][\/vc_column][\/vc_row]<\/p>\n<\/div>","protected":false},"excerpt":{"rendered":"<p>[vc_row][vc_column width=\u00bb1\/2&#8243;][vc_column_text][ninja_table_builder id=\u00bb204&#8243;][\/vc_column_text][\/vc_column][vc_column width=\u00bb1\/2&#8243;][vc_column_text]NOTAS ACLARATORIAS: Considerar el \u00faltimo d\u00edgito de la placa para determinar el mes de revisi\u00f3n. (ABC-1234). Para motocicletas se debe considerar el \u00faltimo d\u00edgito num\u00e9rico. (XX-123V). Aplica para veh\u00edculos que presten servicios de: Uso Particular Uso Estatal Diplom\u00e1ticos \/ Cuerpo Consular Internaci\u00f3n temporal [\/vc_column_text][\/vc_column][\/vc_row]<\/p>\n","protected":false},"author":1,"featured_media":0,"parent":0,"menu_order":0,"comment_status":"closed","ping_status":"closed","template":"","meta":{"footnotes":""},"class_list":["post-197","page","type-page","status-publish","hentry"],"_links":{"self":[{"href":"https:\/\/transitoatahualpa.gob.ec\/index.php\/wp-json\/wp\/v2\/pages\/197","targetHints":{"allow":["GET"]}}],"collection":[{"href":"https:\/\/transitoatahualpa.gob.ec\/index.php\/wp-json\/wp\/v2\/pages"}],"about":[{"href":"https:\/\/transitoatahualpa.gob.ec\/index.php\/wp-json\/wp\/v2\/types\/page"}],"author":[{"embeddable":true,"href":"https:\/\/transitoatahualpa.gob.ec\/index.php\/wp-json\/wp\/v2\/users\/1"}],"replies":[{"embeddable":true,"href":"https:\/\/transitoatahualpa.gob.ec\/index.php\/wp-json\/wp\/v2\/comments?post=197"}],"version-history":[{"count":4,"href":"https:\/\/transitoatahualpa.gob.ec\/index.php\/wp-json\/wp\/v2\/pages\/197\/revisions"}],"predecessor-version":[{"id":208,"href":"https:\/\/transitoatahualpa.gob.ec\/index.php\/wp-json\/wp\/v2\/pages\/197\/revisions\/208"}],"wp:attachment":[{"href":"https:\/\/transitoatahualpa.gob.ec\/index.php\/wp-json\/wp\/v2\/media?parent=197"}],"curies":[{"name":"wp","href":"https:\/\/api.w.org\/{rel}","templated":true}]}}